{"id":33,"date":"2018-12-25T15:28:40","date_gmt":"2018-12-25T15:28:40","guid":{"rendered":"https:\/\/globotechweb.com.br\/?page_id=33"},"modified":"2018-12-29T19:07:09","modified_gmt":"2018-12-29T21:07:09","slug":"globotech","status":"publish","type":"page","link":"https:\/\/globotechweb.com.br\/?page_id=33","title":{"rendered":"Globotech"},"content":{"rendered":"\t\t<div data-elementor-type=\"wp-post\" data-elementor-id=\"33\" class=\"elementor elementor-33 elementor-bc-flex-widget\">\n\t\t\t\t\t\t\t\t\t<section class=\"elementor-section elementor-top-section elementor-element elementor-element-db95c69 elementor-section-boxed elementor-section-height-default elementor-section-height-default\" data-id=\"db95c69\" data-element_type=\"section\">\n\t\t\t\t\t\t<div class=\"elementor-container elementor-column-gap-default\">\n\t\t\t\t\t<div class=\"elementor-column elementor-col-100 elementor-top-column elementor-element elementor-element-c69bd8e\" data-id=\"c69bd8e\" data-element_type=\"column\">\n\t\t\t<div class=\"elementor-widget-wrap elementor-element-populated\">\n\t\t\t\t\t\t\t\t<div class=\"elementor-element elementor-element-b840009 elementor-widget elementor-widget-heading\" data-id=\"b840009\" data-element_type=\"widget\" data-widget_type=\"heading.default\">\n\t\t\t\t<div class=\"elementor-widget-container\">\n\t\t\t<style>\/*! elementor - v3.14.0 - 26-06-2023 *\/\n.elementor-heading-title{padding:0;margin:0;line-height:1}.elementor-widget-heading .elementor-heading-title[class*=elementor-size-]>a{color:inherit;font-size:inherit;line-height:inherit}.elementor-widget-heading .elementor-heading-title.elementor-size-small{font-size:15px}.elementor-widget-heading .elementor-heading-title.elementor-size-medium{font-size:19px}.elementor-widget-heading .elementor-heading-title.elementor-size-large{font-size:29px}.elementor-widget-heading .elementor-heading-title.elementor-size-xl{font-size:39px}.elementor-widget-heading .elementor-heading-title.elementor-size-xxl{font-size:59px}<\/style><h2 class=\"elementor-heading-title elementor-size-default\">.<\/h2>\t\t<\/div>\n\t\t\t\t<\/div>\n\t\t\t\t\t<\/div>\n\t\t<\/div>\n\t\t\t\t\t\t\t<\/div>\n\t\t<\/section>\n\t\t\t\t<section class=\"elementor-section elementor-top-section elementor-element elementor-element-81761e0 elementor-section-boxed elementor-section-height-default elementor-section-height-default\" data-id=\"81761e0\" data-element_type=\"section\">\n\t\t\t\t\t\t<div class=\"elementor-container elementor-column-gap-default\">\n\t\t\t\t\t<div class=\"elementor-column elementor-col-100 elementor-top-column elementor-element elementor-element-3f4469e\" data-id=\"3f4469e\" data-element_type=\"column\">\n\t\t\t<div class=\"elementor-widget-wrap elementor-element-populated\">\n\t\t\t\t\t\t\t\t<div class=\"elementor-element elementor-element-e9b3aba elementor-widget elementor-widget-heading\" data-id=\"e9b3aba\" data-element_type=\"widget\" data-widget_type=\"heading.default\">\n\t\t\t\t<div class=\"elementor-widget-container\">\n\t\t\t<h2 class=\"elementor-heading-title elementor-size-default\">A GLOBOTECH<\/h2>\t\t<\/div>\n\t\t\t\t<\/div>\n\t\t\t\t\t<\/div>\n\t\t<\/div>\n\t\t\t\t\t\t\t<\/div>\n\t\t<\/section>\n\t\t\t\t<section class=\"elementor-section elementor-top-section elementor-element elementor-element-f99102d elementor-section-boxed elementor-section-height-default elementor-section-height-default\" data-id=\"f99102d\" data-element_type=\"section\">\n\t\t\t\t\t\t<div class=\"elementor-container elementor-column-gap-default\">\n\t\t\t\t\t<div class=\"elementor-column elementor-col-100 elementor-top-column elementor-element elementor-element-3bfe9ed\" data-id=\"3bfe9ed\" data-element_type=\"column\">\n\t\t\t<div class=\"elementor-widget-wrap elementor-element-populated\">\n\t\t\t\t\t\t\t\t<div class=\"elementor-element elementor-element-6153d24 elementor-widget elementor-widget-image\" data-id=\"6153d24\" data-element_type=\"widget\" data-widget_type=\"image.default\">\n\t\t\t\t<div class=\"elementor-widget-container\">\n\t\t\t<style>\/*! elementor - v3.14.0 - 26-06-2023 *\/\n.elementor-widget-image{text-align:center}.elementor-widget-image a{display:inline-block}.elementor-widget-image a img[src$=\".svg\"]{width:48px}.elementor-widget-image img{vertical-align:middle;display:inline-block}<\/style>\t\t\t\t\t\t\t\t\t\t\t\t<img data-attachment-id=\"369\" data-permalink=\"https:\/\/globotechweb.com.br\/?attachment_id=369\" data-orig-file=\"https:\/\/globotechweb.com.br\/wp-content\/uploads\/2018\/12\/globotech-1.jpg\" data-orig-size=\"1600,339\" data-comments-opened=\"1\" data-image-meta=\"{&quot;aperture&quot;:&quot;0&quot;,&quot;credit&quot;:&quot;&quot;,&quot;camera&quot;:&quot;&quot;,&quot;caption&quot;:&quot;&quot;,&quot;created_timestamp&quot;:&quot;0&quot;,&quot;copyright&quot;:&quot;&quot;,&quot;focal_length&quot;:&quot;0&quot;,&quot;iso&quot;:&quot;0&quot;,&quot;shutter_speed&quot;:&quot;0&quot;,&quot;title&quot;:&quot;&quot;,&quot;orientation&quot;:&quot;0&quot;}\" data-image-title=\"\" data-image-description=\"\" data-image-caption=\"\" data-medium-file=\"https:\/\/globotechweb.com.br\/wp-content\/uploads\/2018\/12\/globotech-1-300x64.jpg\" data-large-file=\"https:\/\/globotechweb.com.br\/wp-content\/uploads\/2018\/12\/globotech-1-1024x217.jpg\" decoding=\"async\" width=\"1200\" height=\"254\" src=\"https:\/\/globotechweb.com.br\/wp-content\/uploads\/2018\/12\/globotech-1-1200x254.jpg\" class=\"attachment-post-thumbnail size-post-thumbnail wp-image-369\" alt=\"\" loading=\"lazy\" srcset=\"https:\/\/globotechweb.com.br\/wp-content\/uploads\/2018\/12\/globotech-1-1200x254.jpg 1200w, https:\/\/globotechweb.com.br\/wp-content\/uploads\/2018\/12\/globotech-1-300x64.jpg 300w, https:\/\/globotechweb.com.br\/wp-content\/uploads\/2018\/12\/globotech-1-768x163.jpg 768w, https:\/\/globotechweb.com.br\/wp-content\/uploads\/2018\/12\/globotech-1-1024x217.jpg 1024w, https:\/\/globotechweb.com.br\/wp-content\/uploads\/2018\/12\/globotech-1-594x126.jpg 594w, https:\/\/globotechweb.com.br\/wp-content\/uploads\/2018\/12\/globotech-1.jpg 1600w\" sizes=\"(max-width: 1200px) 100vw, 1200px\" data-attachment-id=\"369\" data-permalink=\"https:\/\/globotechweb.com.br\/?attachment_id=369\" data-orig-file=\"https:\/\/globotechweb.com.br\/wp-content\/uploads\/2018\/12\/globotech-1.jpg\" data-orig-size=\"1600,339\" data-comments-opened=\"1\" data-image-meta=\"{&quot;aperture&quot;:&quot;0&quot;,&quot;credit&quot;:&quot;&quot;,&quot;camera&quot;:&quot;&quot;,&quot;caption&quot;:&quot;&quot;,&quot;created_timestamp&quot;:&quot;0&quot;,&quot;copyright&quot;:&quot;&quot;,&quot;focal_length&quot;:&quot;0&quot;,&quot;iso&quot;:&quot;0&quot;,&quot;shutter_speed&quot;:&quot;0&quot;,&quot;title&quot;:&quot;&quot;,&quot;orientation&quot;:&quot;0&quot;}\" data-image-title=\"\" data-image-description=\"\" data-image-caption=\"\" data-medium-file=\"https:\/\/globotechweb.com.br\/wp-content\/uploads\/2018\/12\/globotech-1-300x64.jpg\" data-large-file=\"https:\/\/globotechweb.com.br\/wp-content\/uploads\/2018\/12\/globotech-1-1024x217.jpg\" \/>\t\t\t\t\t\t\t\t\t\t\t\t\t\t\t<\/div>\n\t\t\t\t<\/div>\n\t\t\t\t\t<\/div>\n\t\t<\/div>\n\t\t\t\t\t\t\t<\/div>\n\t\t<\/section>\n\t\t\t\t<section class=\"elementor-section elementor-top-section elementor-element elementor-element-ff1dde5 elementor-section-boxed elementor-section-height-default elementor-section-height-default\" data-id=\"ff1dde5\" data-element_type=\"section\">\n\t\t\t\t\t\t<div class=\"elementor-container elementor-column-gap-default\">\n\t\t\t\t\t<div class=\"elementor-column elementor-col-100 elementor-top-column elementor-element elementor-element-7d00f0f5\" data-id=\"7d00f0f5\" data-element_type=\"column\">\n\t\t\t<div class=\"elementor-widget-wrap elementor-element-populated\">\n\t\t\t\t\t\t\t\t<div class=\"elementor-element elementor-element-2957e043 elementor-widget elementor-widget-text-editor\" data-id=\"2957e043\" data-element_type=\"widget\" data-widget_type=\"text-editor.default\">\n\t\t\t\t<div class=\"elementor-widget-container\">\n\t\t\t<style>\/*! elementor - v3.14.0 - 26-06-2023 *\/\n.elementor-widget-text-editor.elementor-drop-cap-view-stacked .elementor-drop-cap{background-color:#69727d;color:#fff}.elementor-widget-text-editor.elementor-drop-cap-view-framed .elementor-drop-cap{color:#69727d;border:3px solid;background-color:transparent}.elementor-widget-text-editor:not(.elementor-drop-cap-view-default) .elementor-drop-cap{margin-top:8px}.elementor-widget-text-editor:not(.elementor-drop-cap-view-default) .elementor-drop-cap-letter{width:1em;height:1em}.elementor-widget-text-editor .elementor-drop-cap{float:left;text-align:center;line-height:1;font-size:50px}.elementor-widget-text-editor .elementor-drop-cap-letter{display:inline-block}<\/style>\t\t\t\t<!-- wp:image {\"id\":170} -->\n<figure class=\"wp-block-image\"><\/figure>\n<!-- \/wp:image --><!-- wp:heading {\"level\":3} -->\n<h3>A NOSSA\u00a0<strong>EMPRESA<\/strong><\/h3>\n<!-- \/wp:heading --><!-- wp:paragraph -->\n<p>A Globotech \u00e9 uma empresa especializada na presta\u00e7\u00e3o de servi\u00e7os em Tecnologia da Informa\u00e7\u00e3o. Com uma equipe formada por profissionais experientes e focados, a Globotech oferece solu\u00e7\u00f5es em Gest\u00e3o e Consultoria em TI, implementa\u00e7\u00e3o de Redes Estruturadas, Suporte e Monitoramento, Administra\u00e7\u00e3o de Servidores e Outsourcing.<br \/>Atendemos tanto a pequenas e m\u00e9dias empresas, quanto a grandes corpora\u00e7\u00f5es e \u00f3rg\u00e3os p\u00fablicos com o objetivo principal de fornecer todo o suporte necess\u00e1rio em TI, permitindo que o cliente fique tranquilo para se concentrar em seu core business, livre de preocupa\u00e7\u00f5es relacionadas ao sistema de informa\u00e7\u00e3o da empresa.<br \/>Apresentamos propostas espec\u00edficas \u00e0s necessidades de cada cliente, mantendo como fator comum a todos o foco em tr\u00eas premissas fundamentais: agilidade nos processos, otimiza\u00e7\u00e3o de recursos e consequente redu\u00e7\u00e3o de custos.<br \/>Nossa gest\u00e3o \u00e9\u00a0 focada no cliente e na qualidade dos servi\u00e7os de tecnologia da informa\u00e7\u00e3o.<\/p>\n<!-- \/wp:paragraph --><!-- wp:heading {\"level\":3} -->\n<h3>A NOSSA\u00a0<strong>MISS\u00c3O<\/strong><\/h3>\n<!-- \/wp:heading --><!-- wp:paragraph -->\n<p>Temos como premissa ser uma empresa \u00e9tica, respons\u00e1vel e comprometida com nossos clientes, fornecedores e colaboradores, com foco em oferecer solu\u00e7\u00f5es a serem aplicadas na infraestrutura, opera\u00e7\u00e3o e manuten\u00e7\u00e3o de servi\u00e7os de tecnologia da informa\u00e7\u00e3o.<\/p>\n<!-- \/wp:paragraph -->\t\t\t\t\t\t<\/div>\n\t\t\t\t<\/div>\n\t\t\t\t\t<\/div>\n\t\t<\/div>\n\t\t\t\t\t\t\t<\/div>\n\t\t<\/section>\n\t\t\t\t\t\t\t<\/div>\n\t\t","protected":false},"excerpt":{"rendered":"<p>. A GLOBOTECH A NOSSA\u00a0EMPRESA A Globotech \u00e9 uma empresa especializada na presta\u00e7\u00e3o de servi\u00e7os em Tecnologia da Informa\u00e7\u00e3o. Com uma equipe formada por profissionais experientes e focados, a Globotech oferece solu\u00e7\u00f5es em Gest\u00e3o e Consultoria em TI, implementa\u00e7\u00e3o de Redes Estruturadas, Suporte e Monitoramento, Administra\u00e7\u00e3o de Servidores e Outsourcing.Atendemos tanto a pequenas e m\u00e9dias [&hellip;]<\/p>\n","protected":false},"author":1,"featured_media":0,"parent":0,"menu_order":0,"comment_status":"closed","ping_status":"closed","template":"elementor_header_footer","meta":{"jetpack_post_was_ever_published":false,"_links_to":"","_links_to_target":""},"jetpack_sharing_enabled":true,"jetpack_shortlink":"https:\/\/wp.me\/Pazp9D-x","jetpack-related-posts":[{"id":5,"url":"https:\/\/globotechweb.com.br\/","url_meta":{"origin":33,"position":0},"title":"Businessx Front Page","author":"Globotech Technologies","date":"dezembro 23, 2018","format":false,"excerpt":"","rel":"","context":"Post similar","block_context":{"text":"Post similar","link":""},"img":{"alt_text":"","src":"","width":0,"height":0},"classes":[]},{"id":65,"url":"https:\/\/globotechweb.com.br\/?page_id=65","url_meta":{"origin":33,"position":1},"title":"Contato","author":"lpampolha","date":"dezembro 25, 2018","format":false,"excerpt":". Formul\u00e1rio de Contato:\u200b Contatos Globotech: Use o nosso formul\u00e1rio de contato do lado para comunicar mais rapidamente com os nossos servi\u00e7os . Teremos todo o prazer em receber e esclarecer todas as suas quest\u00f5es.\u200b Informa\u00e7\u00f5es [55 21] 99784 8224 contato@globotechweb.com.br","rel":"","context":"Post similar","block_context":{"text":"Post similar","link":""},"img":{"alt_text":"","src":"","width":0,"height":0},"classes":[]},{"id":118,"url":"https:\/\/globotechweb.com.br\/?page_id=118","url_meta":{"origin":33,"position":2},"title":"Suporte","author":"lpampolha","date":"dezembro 25, 2018","format":false,"excerpt":". SUPORTE OFERECEMOS\u00a0SUPORTE T\u00c9CNICO\u00a0EM\u00a0HARDWARE E SOFTWARE.\u00a0\u00a0Nossa equipe de especialistas confere suporte t\u00e9cnico e tecnol\u00f3gico para o sistema e tr\u00e1fego de informa\u00e7\u00f5es. Benef\u00edcios que sua empresa ir\u00e1 conquistar: Recursos t\u00e9cnicos atualizados Rede conservada e veloz Suporte via E-mail \/ Telefone \/ Remoto NOSSOS SERVI\u00c7OS Gest\u00e3o de TI Rede Estruturada Outsourcing Administra\u00e7\u00e3o\u2026","rel":"","context":"Post similar","block_context":{"text":"Post similar","link":""},"img":{"alt_text":"","src":"https:\/\/i0.wp.com\/globotechweb.com.br\/wp-content\/uploads\/2018\/12\/11-1024x684.jpg?resize=350%2C200&ssl=1","width":350,"height":200,"srcset":"https:\/\/i0.wp.com\/globotechweb.com.br\/wp-content\/uploads\/2018\/12\/11-1024x684.jpg?resize=350%2C200&ssl=1 1x, https:\/\/i0.wp.com\/globotechweb.com.br\/wp-content\/uploads\/2018\/12\/11-1024x684.jpg?resize=700%2C400&ssl=1 2x"},"classes":[]},{"id":98,"url":"https:\/\/globotechweb.com.br\/?page_id=98","url_meta":{"origin":33,"position":3},"title":"Rede Estruturada","author":"lpampolha","date":"dezembro 25, 2018","format":false,"excerpt":". REDE ESTRUTURADA Implementar uma REDE ESTRUTURADA \u00e9 essencial para UNIFICAR E ORGANIZAR as instala\u00e7\u00f5es Benef\u00edcios que sua empresa ir\u00e1 conquistar: Os sistemas estruturados s\u00e3o economicamente vi\u00e1veis e tecnicamente eficazes Permite melhor administra\u00e7\u00e3o do parque tecnol\u00f3gico Fornece um n\u00edvel garantido de performance para o sistema pela maior confiabilidade no cabeamento\u2026","rel":"","context":"Post similar","block_context":{"text":"Post similar","link":""},"img":{"alt_text":"","src":"https:\/\/i0.wp.com\/globotechweb.com.br\/wp-content\/uploads\/2018\/12\/redes.jpg?resize=350%2C200&ssl=1","width":350,"height":200,"srcset":"https:\/\/i0.wp.com\/globotechweb.com.br\/wp-content\/uploads\/2018\/12\/redes.jpg?resize=350%2C200&ssl=1 1x, https:\/\/i0.wp.com\/globotechweb.com.br\/wp-content\/uploads\/2018\/12\/redes.jpg?resize=700%2C400&ssl=1 2x"},"classes":[]},{"id":116,"url":"https:\/\/globotechweb.com.br\/?page_id=116","url_meta":{"origin":33,"position":4},"title":"Monitoramento","author":"lpampolha","date":"dezembro 25, 2018","format":false,"excerpt":". MONITORAMENTO E GERENCIAMENTO Realizamos em\u00a0TEMPO REAL O MONITORAMENTO\u00a0e o acompanhamento de\u00a0TODA A SUA INFRAESTRUTURA, a fim de reduzir as perdas motivadas por 'gaps' e outras falhas. Benef\u00edcios que sua empresa ir\u00e1 conquistar: Monitoramento de toda a infraestrutura de TI Identifica\u00e7\u00e3o e registro de incidentes Supervisiona a abertura de chamados\u2026","rel":"","context":"Post similar","block_context":{"text":"Post similar","link":""},"img":{"alt_text":"","src":"https:\/\/i0.wp.com\/globotechweb.com.br\/wp-content\/uploads\/2018\/12\/MONITOR-1024x509.jpg?resize=350%2C200&ssl=1","width":350,"height":200,"srcset":"https:\/\/i0.wp.com\/globotechweb.com.br\/wp-content\/uploads\/2018\/12\/MONITOR-1024x509.jpg?resize=350%2C200&ssl=1 1x, https:\/\/i0.wp.com\/globotechweb.com.br\/wp-content\/uploads\/2018\/12\/MONITOR-1024x509.jpg?resize=700%2C400&ssl=1 2x"},"classes":[]},{"id":97,"url":"https:\/\/globotechweb.com.br\/?page_id=97","url_meta":{"origin":33,"position":5},"title":"Gest\u00e3o de TI","author":"lpampolha","date":"dezembro 25, 2018","format":false,"excerpt":". . . GEST\u00c3O DE TI Profissionais especialistas em\u00a0DEFINI\u00c7\u00c3O DE ESTRAT\u00c9GIAS\u00a0e implementa\u00e7\u00f5es de\u00a0SOLU\u00c7\u00d5ES INTELIGENTES,que trazem ganho em efici\u00eancia e produtividade com a otimiza\u00e7\u00e3o de recursos.\u00a0 Voc\u00ea ganha: Atualiza\u00e7\u00e3o, inova\u00e7\u00e3o e maximiza\u00e7\u00e3o de desempenho Solu\u00e7\u00e3o de problemas Implementa\u00e7\u00e3o de solu\u00e7\u00f5es inteligentes Otimiza\u00e7\u00e3o de investimentos Redu\u00e7\u00e3o de custos SLAs de acordo com\u2026","rel":"","context":"Post similar","block_context":{"text":"Post similar","link":""},"img":{"alt_text":"","src":"https:\/\/i0.wp.com\/globotechweb.com.br\/wp-content\/uploads\/2018\/12\/gestao.png?resize=350%2C200&ssl=1","width":350,"height":200,"srcset":"https:\/\/i0.wp.com\/globotechweb.com.br\/wp-content\/uploads\/2018\/12\/gestao.png?resize=350%2C200&ssl=1 1x, https:\/\/i0.wp.com\/globotechweb.com.br\/wp-content\/uploads\/2018\/12\/gestao.png?resize=700%2C400&ssl=1 2x"},"classes":[]}],"_links":{"self":[{"href":"https:\/\/globotechweb.com.br\/index.php?rest_route=\/wp\/v2\/pages\/33"}],"collection":[{"href":"https:\/\/globotechweb.com.br\/index.php?rest_route=\/wp\/v2\/pages"}],"about":[{"href":"https:\/\/globotechweb.com.br\/index.php?rest_route=\/wp\/v2\/types\/page"}],"author":[{"embeddable":true,"href":"https:\/\/globotechweb.com.br\/index.php?rest_route=\/wp\/v2\/users\/1"}],"replies":[{"embeddable":true,"href":"https:\/\/globotechweb.com.br\/index.php?rest_route=%2Fwp%2Fv2%2Fcomments&post=33"}],"version-history":[{"count":24,"href":"https:\/\/globotechweb.com.br\/index.php?rest_route=\/wp\/v2\/pages\/33\/revisions"}],"predecessor-version":[{"id":374,"href":"https:\/\/globotechweb.com.br\/index.php?rest_route=\/wp\/v2\/pages\/33\/revisions\/374"}],"wp:attachment":[{"href":"https:\/\/globotechweb.com.br\/index.php?rest_route=%2Fwp%2Fv2%2Fmedia&parent=33"}],"curies":[{"name":"wp","href":"https:\/\/api.w.org\/{rel}","templated":true}]}}