{"id":65,"date":"2018-12-25T16:09:55","date_gmt":"2018-12-25T18:09:55","guid":{"rendered":"https:\/\/globotechweb.com.br\/?page_id=65"},"modified":"2023-07-16T13:57:06","modified_gmt":"2023-07-16T16:57:06","slug":"contato","status":"publish","type":"page","link":"https:\/\/globotechweb.com.br\/?page_id=65","title":{"rendered":"Contato"},"content":{"rendered":"<h2>.<\/h2>\n<h2>Formul\u00e1rio de Contato:\u200b<\/h2>\n<h2>Contatos Globotech:<\/h2>\n\n<div class=\"wpcf7 no-js\" id=\"wpcf7-f163-o1\" lang=\"pt-BR\" dir=\"ltr\">\n<div class=\"screen-reader-response\"><p role=\"status\" aria-live=\"polite\" aria-atomic=\"true\"><\/p> <ul><\/ul><\/div>\n<form action=\"\/index.php?rest_route=%2Fwp%2Fv2%2Fpages%2F65#wpcf7-f163-o1\" method=\"post\" class=\"wpcf7-form init\" aria-label=\"Formul\u00e1rios de contato\" novalidate=\"novalidate\" data-status=\"init\">\n<div style=\"display: none;\">\n<input type=\"hidden\" name=\"_wpcf7\" value=\"163\" \/>\n<input type=\"hidden\" name=\"_wpcf7_version\" value=\"5.7.7\" \/>\n<input type=\"hidden\" name=\"_wpcf7_locale\" value=\"pt_BR\" \/>\n<input type=\"hidden\" name=\"_wpcf7_unit_tag\" value=\"wpcf7-f163-o1\" \/>\n<input type=\"hidden\" name=\"_wpcf7_container_post\" value=\"0\" \/>\n<input type=\"hidden\" name=\"_wpcf7_posted_data_hash\" value=\"\" \/>\n<\/div>\n<p><label> Seu nome (obrigat\u00f3rio)<br \/>\n<span class=\"wpcf7-form-control-wrap\" data-name=\"your-name\"><input size=\"40\" class=\"wpcf7-form-control wpcf7-text wpcf7-validates-as-required\" aria-required=\"true\" aria-invalid=\"false\" value=\"\" type=\"text\" name=\"your-name\" \/><\/span> <\/label>\n<\/p>\n<p><label> Seu e-mail (obrigat\u00f3rio)<br \/>\n<span class=\"wpcf7-form-control-wrap\" data-name=\"your-email\"><input size=\"40\" class=\"wpcf7-form-control wpcf7-text wpcf7-email wpcf7-validates-as-required wpcf7-validates-as-email\" aria-required=\"true\" aria-invalid=\"false\" value=\"\" type=\"email\" name=\"your-email\" \/><\/span> <\/label>\n<\/p>\n<p><label> Assunto<br \/>\n<span class=\"wpcf7-form-control-wrap\" data-name=\"your-subject\"><input size=\"40\" class=\"wpcf7-form-control wpcf7-text\" aria-invalid=\"false\" value=\"\" type=\"text\" name=\"your-subject\" \/><\/span> <\/label>\n<\/p>\n<p><label> Sua mensagem<br \/>\n<span class=\"wpcf7-form-control-wrap\" data-name=\"your-message\"><textarea cols=\"40\" rows=\"10\" class=\"wpcf7-form-control wpcf7-textarea\" aria-invalid=\"false\" name=\"your-message\"><\/textarea><\/span> <\/label>\n<\/p>\n<p><input class=\"wpcf7-form-control has-spinner wpcf7-submit\" type=\"submit\" value=\"Enviar\" \/>\n<\/p><p style=\"display: none !important;\"><label>&#916;<textarea name=\"_wpcf7_ak_hp_textarea\" cols=\"45\" rows=\"8\" maxlength=\"100\"><\/textarea><\/label><input type=\"hidden\" id=\"ak_js_1\" name=\"_wpcf7_ak_js\" value=\"21\"\/><script>document.getElementById( \"ak_js_1\" ).setAttribute( \"value\", ( new Date() ).getTime() );<\/script><\/p><div class=\"wpcf7-response-output\" aria-hidden=\"true\"><\/div>\n<\/form>\n<\/div>\n\n<p>Use o nosso formul\u00e1rio de contato do lado para comunicar mais rapidamente com os nossos servi\u00e7os . Teremos todo o prazer em receber e esclarecer todas as suas quest\u00f5es.\u200b<\/p>\n<h2>Informa\u00e7\u00f5es<\/h2>\n<ul>\n<li>\n\t\t\t\t\t\t\t\t\t\t[55 21] 99784 8224<\/li>\n<li>\n\t\t\t\t\t\t\t\t\t\t\t<a href=\"mailto:contato@globotechweb.com.br\"><br \/>\ncontato@globotechweb.com.br<br \/>\n<\/a><\/li>\n<\/ul>\n","protected":false},"excerpt":{"rendered":"<p>. Formul\u00e1rio de Contato:\u200b Contatos Globotech: Use o nosso formul\u00e1rio de contato do lado para comunicar mais rapidamente com os nossos servi\u00e7os . Teremos todo o prazer em receber e esclarecer todas as suas quest\u00f5es.\u200b Informa\u00e7\u00f5es [55 21] 99784 8224 contato@globotechweb.com.br<\/p>\n","protected":false},"author":1,"featured_media":0,"parent":0,"menu_order":0,"comment_status":"closed","ping_status":"closed","template":"elementor_header_footer","meta":{"jetpack_post_was_ever_published":false,"_links_to":"","_links_to_target":""},"jetpack_sharing_enabled":true,"jetpack_shortlink":"https:\/\/wp.me\/Pazp9D-13","jetpack-related-posts":[{"id":116,"url":"https:\/\/globotechweb.com.br\/?page_id=116","url_meta":{"origin":65,"position":0},"title":"Monitoramento","author":"lpampolha","date":"dezembro 25, 2018","format":false,"excerpt":". MONITORAMENTO E GERENCIAMENTO Realizamos em\u00a0TEMPO REAL O MONITORAMENTO\u00a0e o acompanhamento de\u00a0TODA A SUA INFRAESTRUTURA, a fim de reduzir as perdas motivadas por 'gaps' e outras falhas. Benef\u00edcios que sua empresa ir\u00e1 conquistar: Monitoramento de toda a infraestrutura de TI Identifica\u00e7\u00e3o e registro de incidentes Supervisiona a abertura de chamados\u2026","rel":"","context":"Post similar","block_context":{"text":"Post similar","link":""},"img":{"alt_text":"","src":"https:\/\/i0.wp.com\/globotechweb.com.br\/wp-content\/uploads\/2018\/12\/MONITOR-1024x509.jpg?resize=350%2C200&ssl=1","width":350,"height":200,"srcset":"https:\/\/i0.wp.com\/globotechweb.com.br\/wp-content\/uploads\/2018\/12\/MONITOR-1024x509.jpg?resize=350%2C200&ssl=1 1x, https:\/\/i0.wp.com\/globotechweb.com.br\/wp-content\/uploads\/2018\/12\/MONITOR-1024x509.jpg?resize=700%2C400&ssl=1 2x"},"classes":[]},{"id":100,"url":"https:\/\/globotechweb.com.br\/?page_id=100","url_meta":{"origin":65,"position":1},"title":"Outsourcing","author":"lpampolha","date":"dezembro 25, 2018","format":false,"excerpt":". OUTSOURCING OUTSOURCING se refere a terceiriza\u00e7\u00e3o de servi\u00e7os.\u00a0\u00a0O Outsourcing tamb\u00e9m confere maior visibilidade dos custos e ALOCA RECURSOS HUMANOS E TECNOLOGIA conforme a necessidade. Vantagens: Contrata\u00e7\u00e3o certa de m\u00e3o de obra qualificada e eficiente Visibilidade de custos com TI Otimiza\u00e7\u00e3o de recursos Tranquilidade para focar exclusivamente na gest\u00e3o empresarial\u2026","rel":"","context":"Post similar","block_context":{"text":"Post similar","link":""},"img":{"alt_text":"","src":"https:\/\/i0.wp.com\/globotechweb.com.br\/wp-content\/uploads\/2018\/12\/bg-moni.jpg?resize=350%2C200&ssl=1","width":350,"height":200,"srcset":"https:\/\/i0.wp.com\/globotechweb.com.br\/wp-content\/uploads\/2018\/12\/bg-moni.jpg?resize=350%2C200&ssl=1 1x, https:\/\/i0.wp.com\/globotechweb.com.br\/wp-content\/uploads\/2018\/12\/bg-moni.jpg?resize=700%2C400&ssl=1 2x"},"classes":[]},{"id":118,"url":"https:\/\/globotechweb.com.br\/?page_id=118","url_meta":{"origin":65,"position":2},"title":"Suporte","author":"lpampolha","date":"dezembro 25, 2018","format":false,"excerpt":". SUPORTE OFERECEMOS\u00a0SUPORTE T\u00c9CNICO\u00a0EM\u00a0HARDWARE E SOFTWARE.\u00a0\u00a0Nossa equipe de especialistas confere suporte t\u00e9cnico e tecnol\u00f3gico para o sistema e tr\u00e1fego de informa\u00e7\u00f5es. Benef\u00edcios que sua empresa ir\u00e1 conquistar: Recursos t\u00e9cnicos atualizados Rede conservada e veloz Suporte via E-mail \/ Telefone \/ Remoto NOSSOS SERVI\u00c7OS Gest\u00e3o de TI Rede Estruturada Outsourcing Administra\u00e7\u00e3o\u2026","rel":"","context":"Post similar","block_context":{"text":"Post similar","link":""},"img":{"alt_text":"","src":"https:\/\/i0.wp.com\/globotechweb.com.br\/wp-content\/uploads\/2018\/12\/11-1024x684.jpg?resize=350%2C200&ssl=1","width":350,"height":200,"srcset":"https:\/\/i0.wp.com\/globotechweb.com.br\/wp-content\/uploads\/2018\/12\/11-1024x684.jpg?resize=350%2C200&ssl=1 1x, https:\/\/i0.wp.com\/globotechweb.com.br\/wp-content\/uploads\/2018\/12\/11-1024x684.jpg?resize=700%2C400&ssl=1 2x"},"classes":[]},{"id":33,"url":"https:\/\/globotechweb.com.br\/?page_id=33","url_meta":{"origin":65,"position":3},"title":"Globotech","author":"lpampolha","date":"dezembro 25, 2018","format":false,"excerpt":". A GLOBOTECH A NOSSA\u00a0EMPRESA A Globotech \u00e9 uma empresa especializada na presta\u00e7\u00e3o de servi\u00e7os em Tecnologia da Informa\u00e7\u00e3o. Com uma equipe formada por profissionais experientes e focados, a Globotech oferece solu\u00e7\u00f5es em Gest\u00e3o e Consultoria em TI, implementa\u00e7\u00e3o de Redes Estruturadas, Suporte e Monitoramento, Administra\u00e7\u00e3o de Servidores e Outsourcing.Atendemos\u2026","rel":"","context":"Post similar","block_context":{"text":"Post similar","link":""},"img":{"alt_text":"","src":"https:\/\/i0.wp.com\/globotechweb.com.br\/wp-content\/uploads\/2018\/12\/globotech.jpg?resize=350%2C200&ssl=1","width":350,"height":200,"srcset":"https:\/\/i0.wp.com\/globotechweb.com.br\/wp-content\/uploads\/2018\/12\/globotech.jpg?resize=350%2C200&ssl=1 1x, https:\/\/i0.wp.com\/globotechweb.com.br\/wp-content\/uploads\/2018\/12\/globotech.jpg?resize=700%2C400&ssl=1 2x, https:\/\/i0.wp.com\/globotechweb.com.br\/wp-content\/uploads\/2018\/12\/globotech.jpg?resize=1050%2C600&ssl=1 3x"},"classes":[]},{"id":98,"url":"https:\/\/globotechweb.com.br\/?page_id=98","url_meta":{"origin":65,"position":4},"title":"Rede Estruturada","author":"lpampolha","date":"dezembro 25, 2018","format":false,"excerpt":". REDE ESTRUTURADA Implementar uma REDE ESTRUTURADA \u00e9 essencial para UNIFICAR E ORGANIZAR as instala\u00e7\u00f5es Benef\u00edcios que sua empresa ir\u00e1 conquistar: Os sistemas estruturados s\u00e3o economicamente vi\u00e1veis e tecnicamente eficazes Permite melhor administra\u00e7\u00e3o do parque tecnol\u00f3gico Fornece um n\u00edvel garantido de performance para o sistema pela maior confiabilidade no cabeamento\u2026","rel":"","context":"Post similar","block_context":{"text":"Post similar","link":""},"img":{"alt_text":"","src":"https:\/\/i0.wp.com\/globotechweb.com.br\/wp-content\/uploads\/2018\/12\/redes.jpg?resize=350%2C200&ssl=1","width":350,"height":200,"srcset":"https:\/\/i0.wp.com\/globotechweb.com.br\/wp-content\/uploads\/2018\/12\/redes.jpg?resize=350%2C200&ssl=1 1x, https:\/\/i0.wp.com\/globotechweb.com.br\/wp-content\/uploads\/2018\/12\/redes.jpg?resize=700%2C400&ssl=1 2x"},"classes":[]},{"id":97,"url":"https:\/\/globotechweb.com.br\/?page_id=97","url_meta":{"origin":65,"position":5},"title":"Gest\u00e3o de TI","author":"lpampolha","date":"dezembro 25, 2018","format":false,"excerpt":". . . GEST\u00c3O DE TI Profissionais especialistas em\u00a0DEFINI\u00c7\u00c3O DE ESTRAT\u00c9GIAS\u00a0e implementa\u00e7\u00f5es de\u00a0SOLU\u00c7\u00d5ES INTELIGENTES,que trazem ganho em efici\u00eancia e produtividade com a otimiza\u00e7\u00e3o de recursos.\u00a0 Voc\u00ea ganha: Atualiza\u00e7\u00e3o, inova\u00e7\u00e3o e maximiza\u00e7\u00e3o de desempenho Solu\u00e7\u00e3o de problemas Implementa\u00e7\u00e3o de solu\u00e7\u00f5es inteligentes Otimiza\u00e7\u00e3o de investimentos Redu\u00e7\u00e3o de custos SLAs de acordo com\u2026","rel":"","context":"Post similar","block_context":{"text":"Post similar","link":""},"img":{"alt_text":"","src":"https:\/\/i0.wp.com\/globotechweb.com.br\/wp-content\/uploads\/2018\/12\/gestao.png?resize=350%2C200&ssl=1","width":350,"height":200,"srcset":"https:\/\/i0.wp.com\/globotechweb.com.br\/wp-content\/uploads\/2018\/12\/gestao.png?resize=350%2C200&ssl=1 1x, https:\/\/i0.wp.com\/globotechweb.com.br\/wp-content\/uploads\/2018\/12\/gestao.png?resize=700%2C400&ssl=1 2x"},"classes":[]}],"_links":{"self":[{"href":"https:\/\/globotechweb.com.br\/index.php?rest_route=\/wp\/v2\/pages\/65"}],"collection":[{"href":"https:\/\/globotechweb.com.br\/index.php?rest_route=\/wp\/v2\/pages"}],"about":[{"href":"https:\/\/globotechweb.com.br\/index.php?rest_route=\/wp\/v2\/types\/page"}],"author":[{"embeddable":true,"href":"https:\/\/globotechweb.com.br\/index.php?rest_route=\/wp\/v2\/users\/1"}],"replies":[{"embeddable":true,"href":"https:\/\/globotechweb.com.br\/index.php?rest_route=%2Fwp%2Fv2%2Fcomments&post=65"}],"version-history":[{"count":26,"href":"https:\/\/globotechweb.com.br\/index.php?rest_route=\/wp\/v2\/pages\/65\/revisions"}],"predecessor-version":[{"id":1072,"href":"https:\/\/globotechweb.com.br\/index.php?rest_route=\/wp\/v2\/pages\/65\/revisions\/1072"}],"wp:attachment":[{"href":"https:\/\/globotechweb.com.br\/index.php?rest_route=%2Fwp%2Fv2%2Fmedia&parent=65"}],"curies":[{"name":"wp","href":"https:\/\/api.w.org\/{rel}","templated":true}]}}